{"id":529,"date":"2022-10-24T09:22:08","date_gmt":"2022-10-24T07:22:08","guid":{"rendered":"https:\/\/jolstad.no\/en\/?page_id=529"},"modified":"2025-09-18T15:00:29","modified_gmt":"2025-09-18T13:00:29","slug":"assistance-in-the-event-of-death","status":"publish","type":"page","link":"https:\/\/jolstad.no\/en\/assistance-in-the-event-of-death\/","title":{"rendered":"What do you do when someone dies?"},"content":{"rendered":"<p>When a person dies, life is changed for many. For you and those closest to you, the change will be the greatest. It can feel chaotic and difficult to accept what has happened. Nevertheless, there are many practical things that have to be done after a death with many people having to be notified and a funeral to be planned.<\/p>\n","protected":false},"excerpt":{"rendered":"<p>When a person dies, life is changed for many. For you and those closest to you, the change will be [&hellip;]<\/p>\n","protected":false},"author":1,"featured_media":702,"parent":0,"menu_order":0,"comment_status":"closed","ping_status":"closed","template":"","meta":{"_acf_changed":false,"footnotes":""},"class_list":["post-529","page","type-page","status-publish","has-post-thumbnail","hentry"],"acf":[],"yoast_head":"<!-- This site is optimized with the Yoast SEO Premium plugin v27.1 (Yoast SEO v27.2) - https:\/\/yoast.com\/product\/yoast-seo-premium-wordpress\/ -->\n<title>Assistance in the event of death | J\u00f8lstad Funeral Homes<\/title>\n<meta name=\"description\" content=\"Find an overview of what happens and when, after the event of a death. Contact one of our offices for advice and assistance.\" \/>\n<meta name=\"robots\" content=\"index, follow, max-snippet:-1, max-image-preview:large, max-video-preview:-1\" \/>\n<link rel=\"canonical\" href=\"https:\/\/jolstad.no\/en\/assistance-in-the-event-of-death\/\" \/>\n<meta property=\"og:locale\" content=\"en_US\" \/>\n<meta property=\"og:type\" content=\"article\" \/>\n<meta property=\"og:title\" content=\"What do you do when someone dies?\" \/>\n<meta property=\"og:description\" content=\"Find an overview of what happens and when, after the event of a death. Contact one of our offices for advice and assistance.\" \/>\n<meta property=\"og:url\" content=\"https:\/\/jolstad.no\/en\/assistance-in-the-event-of-death\/\" \/>\n<meta property=\"og:site_name\" content=\"J\u00f8lstad Funeral Homes\" \/>\n<meta property=\"article:publisher\" content=\"https:\/\/www.facebook.com\/jolstadbegravelsesbyra\/\" \/>\n<meta property=\"article:modified_time\" content=\"2025-09-18T13:00:29+00:00\" \/>\n<meta property=\"og:image\" content=\"https:\/\/jolstad.no\/en\/wp-content\/uploads\/sites\/3\/2022\/10\/jolstad-grefsen-samtale.jpg\" \/>\n\t<meta property=\"og:image:width\" content=\"1920\" \/>\n\t<meta property=\"og:image:height\" content=\"1280\" \/>\n\t<meta property=\"og:image:type\" content=\"image\/jpeg\" \/>\n<meta name=\"twitter:card\" content=\"summary_large_image\" \/>\n<meta name=\"twitter:label1\" content=\"Est. reading time\" \/>\n\t<meta name=\"twitter:data1\" content=\"1 minute\" \/>\n<script type=\"application\/ld+json\" class=\"yoast-schema-graph\">{\"@context\":\"https:\/\/schema.org\",\"@graph\":[{\"@type\":\"WebPage\",\"@id\":\"https:\/\/jolstad.no\/en\/assistance-in-the-event-of-death\/\",\"url\":\"https:\/\/jolstad.no\/en\/assistance-in-the-event-of-death\/\",\"name\":\"Assistance in the event of death | J\u00f8lstad Funeral Homes\",\"isPartOf\":{\"@id\":\"https:\/\/jolstad.no\/en\/#website\"},\"primaryImageOfPage\":{\"@id\":\"https:\/\/jolstad.no\/en\/assistance-in-the-event-of-death\/#primaryimage\"},\"image\":{\"@id\":\"https:\/\/jolstad.no\/en\/assistance-in-the-event-of-death\/#primaryimage\"},\"thumbnailUrl\":\"https:\/\/jolstad.no\/en\/wp-content\/uploads\/sites\/3\/2022\/10\/jolstad-grefsen-samtale.jpg\",\"datePublished\":\"2022-10-24T07:22:08+00:00\",\"dateModified\":\"2025-09-18T13:00:29+00:00\",\"description\":\"Find an overview of what happens and when, after the event of a death. Contact one of our offices for advice and assistance.\",\"breadcrumb\":{\"@id\":\"https:\/\/jolstad.no\/en\/assistance-in-the-event-of-death\/#breadcrumb\"},\"inLanguage\":\"en-US\",\"potentialAction\":[{\"@type\":\"ReadAction\",\"target\":[\"https:\/\/jolstad.no\/en\/assistance-in-the-event-of-death\/\"]}]},{\"@type\":\"ImageObject\",\"inLanguage\":\"en-US\",\"@id\":\"https:\/\/jolstad.no\/en\/assistance-in-the-event-of-death\/#primaryimage\",\"url\":\"https:\/\/jolstad.no\/en\/wp-content\/uploads\/sites\/3\/2022\/10\/jolstad-grefsen-samtale.jpg\",\"contentUrl\":\"https:\/\/jolstad.no\/en\/wp-content\/uploads\/sites\/3\/2022\/10\/jolstad-grefsen-samtale.jpg\",\"width\":1920,\"height\":1280,\"caption\":\"Planleggingssamtale mellom en p\u00e5r\u00f8rende og en gravferdskonsuelt i en rolig setting og kaffekopp i h\u00e5nden\"},{\"@type\":\"BreadcrumbList\",\"@id\":\"https:\/\/jolstad.no\/en\/assistance-in-the-event-of-death\/#breadcrumb\",\"itemListElement\":[{\"@type\":\"ListItem\",\"position\":1,\"name\":\"Home\",\"item\":\"https:\/\/jolstad.no\/en\/\"},{\"@type\":\"ListItem\",\"position\":2,\"name\":\"What do you do when someone dies?\"}]},{\"@type\":\"WebSite\",\"@id\":\"https:\/\/jolstad.no\/en\/#website\",\"url\":\"https:\/\/jolstad.no\/en\/\",\"name\":\"J\u00f8lstad Funeral Homes\",\"description\":\"Security and quality\",\"publisher\":{\"@id\":\"https:\/\/jolstad.no\/en\/#organization\"},\"potentialAction\":[{\"@type\":\"SearchAction\",\"target\":{\"@type\":\"EntryPoint\",\"urlTemplate\":\"https:\/\/jolstad.no\/en\/?s={search_term_string}\"},\"query-input\":{\"@type\":\"PropertyValueSpecification\",\"valueRequired\":true,\"valueName\":\"search_term_string\"}}],\"inLanguage\":\"en-US\"},{\"@type\":\"Organization\",\"@id\":\"https:\/\/jolstad.no\/en\/#organization\",\"name\":\"J\u00f8lstad Funeral Homes\",\"url\":\"https:\/\/jolstad.no\/en\/\",\"logo\":{\"@type\":\"ImageObject\",\"inLanguage\":\"en-US\",\"@id\":\"https:\/\/jolstad.no\/en\/#\/schema\/logo\/image\/\",\"url\":\"https:\/\/jolstad.no\/en\/wp-content\/uploads\/sites\/3\/2022\/09\/favicon_jolstad.png\",\"contentUrl\":\"https:\/\/jolstad.no\/en\/wp-content\/uploads\/sites\/3\/2022\/09\/favicon_jolstad.png\",\"width\":300,\"height\":300,\"caption\":\"J\u00f8lstad Funeral Homes\"},\"image\":{\"@id\":\"https:\/\/jolstad.no\/en\/#\/schema\/logo\/image\/\"},\"sameAs\":[\"https:\/\/www.facebook.com\/jolstadbegravelsesbyra\/\"]}]}<\/script>\n<!-- \/ Yoast SEO Premium plugin. -->","yoast_head_json":{"title":"Assistance in the event of death | J\u00f8lstad Funeral Homes","description":"Find an overview of what happens and when, after the event of a death. Contact one of our offices for advice and assistance.","robots":{"index":"index","follow":"follow","max-snippet":"max-snippet:-1","max-image-preview":"max-image-preview:large","max-video-preview":"max-video-preview:-1"},"canonical":"https:\/\/jolstad.no\/en\/assistance-in-the-event-of-death\/","og_locale":"en_US","og_type":"article","og_title":"What do you do when someone dies?","og_description":"Find an overview of what happens and when, after the event of a death. Contact one of our offices for advice and assistance.","og_url":"https:\/\/jolstad.no\/en\/assistance-in-the-event-of-death\/","og_site_name":"J\u00f8lstad Funeral Homes","article_publisher":"https:\/\/www.facebook.com\/jolstadbegravelsesbyra\/","article_modified_time":"2025-09-18T13:00:29+00:00","og_image":[{"width":1920,"height":1280,"url":"https:\/\/jolstad.no\/en\/wp-content\/uploads\/sites\/3\/2022\/10\/jolstad-grefsen-samtale.jpg","type":"image\/jpeg"}],"twitter_card":"summary_large_image","twitter_misc":{"Est. reading time":"1 minute"},"schema":{"@context":"https:\/\/schema.org","@graph":[{"@type":"WebPage","@id":"https:\/\/jolstad.no\/en\/assistance-in-the-event-of-death\/","url":"https:\/\/jolstad.no\/en\/assistance-in-the-event-of-death\/","name":"Assistance in the event of death | J\u00f8lstad Funeral Homes","isPartOf":{"@id":"https:\/\/jolstad.no\/en\/#website"},"primaryImageOfPage":{"@id":"https:\/\/jolstad.no\/en\/assistance-in-the-event-of-death\/#primaryimage"},"image":{"@id":"https:\/\/jolstad.no\/en\/assistance-in-the-event-of-death\/#primaryimage"},"thumbnailUrl":"https:\/\/jolstad.no\/en\/wp-content\/uploads\/sites\/3\/2022\/10\/jolstad-grefsen-samtale.jpg","datePublished":"2022-10-24T07:22:08+00:00","dateModified":"2025-09-18T13:00:29+00:00","description":"Find an overview of what happens and when, after the event of a death. Contact one of our offices for advice and assistance.","breadcrumb":{"@id":"https:\/\/jolstad.no\/en\/assistance-in-the-event-of-death\/#breadcrumb"},"inLanguage":"en-US","potentialAction":[{"@type":"ReadAction","target":["https:\/\/jolstad.no\/en\/assistance-in-the-event-of-death\/"]}]},{"@type":"ImageObject","inLanguage":"en-US","@id":"https:\/\/jolstad.no\/en\/assistance-in-the-event-of-death\/#primaryimage","url":"https:\/\/jolstad.no\/en\/wp-content\/uploads\/sites\/3\/2022\/10\/jolstad-grefsen-samtale.jpg","contentUrl":"https:\/\/jolstad.no\/en\/wp-content\/uploads\/sites\/3\/2022\/10\/jolstad-grefsen-samtale.jpg","width":1920,"height":1280,"caption":"Planleggingssamtale mellom en p\u00e5r\u00f8rende og en gravferdskonsuelt i en rolig setting og kaffekopp i h\u00e5nden"},{"@type":"BreadcrumbList","@id":"https:\/\/jolstad.no\/en\/assistance-in-the-event-of-death\/#breadcrumb","itemListElement":[{"@type":"ListItem","position":1,"name":"Home","item":"https:\/\/jolstad.no\/en\/"},{"@type":"ListItem","position":2,"name":"What do you do when someone dies?"}]},{"@type":"WebSite","@id":"https:\/\/jolstad.no\/en\/#website","url":"https:\/\/jolstad.no\/en\/","name":"J\u00f8lstad Funeral Homes","description":"Security and quality","publisher":{"@id":"https:\/\/jolstad.no\/en\/#organization"},"potentialAction":[{"@type":"SearchAction","target":{"@type":"EntryPoint","urlTemplate":"https:\/\/jolstad.no\/en\/?s={search_term_string}"},"query-input":{"@type":"PropertyValueSpecification","valueRequired":true,"valueName":"search_term_string"}}],"inLanguage":"en-US"},{"@type":"Organization","@id":"https:\/\/jolstad.no\/en\/#organization","name":"J\u00f8lstad Funeral Homes","url":"https:\/\/jolstad.no\/en\/","logo":{"@type":"ImageObject","inLanguage":"en-US","@id":"https:\/\/jolstad.no\/en\/#\/schema\/logo\/image\/","url":"https:\/\/jolstad.no\/en\/wp-content\/uploads\/sites\/3\/2022\/09\/favicon_jolstad.png","contentUrl":"https:\/\/jolstad.no\/en\/wp-content\/uploads\/sites\/3\/2022\/09\/favicon_jolstad.png","width":300,"height":300,"caption":"J\u00f8lstad Funeral Homes"},"image":{"@id":"https:\/\/jolstad.no\/en\/#\/schema\/logo\/image\/"},"sameAs":["https:\/\/www.facebook.com\/jolstadbegravelsesbyra\/"]}]}},"_links":{"self":[{"href":"https:\/\/jolstad.no\/en\/wp-json\/wp\/v2\/pages\/529","targetHints":{"allow":["GET"]}}],"collection":[{"href":"https:\/\/jolstad.no\/en\/wp-json\/wp\/v2\/pages"}],"about":[{"href":"https:\/\/jolstad.no\/en\/wp-json\/wp\/v2\/types\/page"}],"author":[{"embeddable":true,"href":"https:\/\/jolstad.no\/en\/wp-json\/wp\/v2\/users\/1"}],"replies":[{"embeddable":true,"href":"https:\/\/jolstad.no\/en\/wp-json\/wp\/v2\/comments?post=529"}],"version-history":[{"count":56,"href":"https:\/\/jolstad.no\/en\/wp-json\/wp\/v2\/pages\/529\/revisions"}],"predecessor-version":[{"id":3256,"href":"https:\/\/jolstad.no\/en\/wp-json\/wp\/v2\/pages\/529\/revisions\/3256"}],"wp:featuredmedia":[{"embeddable":true,"href":"https:\/\/jolstad.no\/en\/wp-json\/wp\/v2\/media\/702"}],"wp:attachment":[{"href":"https:\/\/jolstad.no\/en\/wp-json\/wp\/v2\/media?parent=529"}],"curies":[{"name":"wp","href":"https:\/\/api.w.org\/{rel}","templated":true}]}}